{"id":2123,"date":"2022-04-14T01:03:13","date_gmt":"2022-04-13T23:03:13","guid":{"rendered":"https:\/\/soluzioniwebdev.it\/terminalfestival2022\/?page_id=2123"},"modified":"2022-04-14T02:39:52","modified_gmt":"2022-04-14T00:39:52","slug":"edizione-2020","status":"publish","type":"page","link":"https:\/\/terminal-festival.com\/en\/edizione-2020\/","title":{"rendered":"Edizione 2020"},"content":{"rendered":"<div>\n<p>    <div class=\"shtitlecont\"> <div class=\"shbord\" id=\"shbord20020\"><\/div> <span class=\"shast\">*<\/span> <p class=\"shtitle\" id=\"shtitle20020\">EDIZIONE 2020<\/p> <\/div> <script> jQuery(document).ready(function(){ var wdsh = jQuery(\"#shtitle20020\").width(); wdsh=wdsh+40; jQuery(\"#shbord20020\").css(\"width\",wdsh+\"px\"); wdsh=0; }); <\/script>\n<\/div>\n<div><b>INGRESSO GRATUITO &#8211; Programma per gli eventi che si svolgeranno a Udine dal 26 al 30 Agosto 2020<\/b><\/div>\n<div>\n<\/div>\n<div><b>ATTENZIONE:<\/b> In caso di pioggia durante i giorni dal 26 al 29 agosto si prevede di recuperare lo spettacolo il giorno successivo alle ore 19:00.<br \/>Gli orari e i nomi degli artisti potrebbero subire variazioni.<\/p>\n<p><b>*Gli orari di Audiobus indicano l\u2019arrivo del pubblico all\u2019infopoint di via Ciconi 4 \u2013 punto ritiro cuffie \u2013 che verr\u00e0 poi accompagnato alla fermata dell\u2019autobus in Stazione dai volontari del Festival.<\/p>\n<p>** Tutti gli eventi sono ad ingresso gratuito. Se intendi prenotare pi\u00f9 di un evento sar\u00e0 necessario compilare il modulo pi\u00f9 volte.<br \/>\u00c8 una misura necessaria per garantire il rispetto delle norme COVID-19.Grazie per la collaborazione.<\/b><\/div>\n<p><!--more--><br \/>\n<!-- {\"type\":\"layout\",\"children\":[{\"type\":\"section\",\"props\":{\"style\":\"default\",\"width\":\"large\",\"vertical_align\":\"middle\",\"title_position\":\"top-left\",\"title_rotation\":\"left\",\"title_breakpoint\":\"xl\",\"image_position\":\"center-center\"},\"children\":[{\"type\":\"row\",\"children\":[{\"type\":\"column\",\"props\":{\"position_sticky_breakpoint\":\"m\",\"image_position\":\"center-center\",\"media_overlay_gradient\":\"\"},\"children\":[{\"type\":\"html\",\"props\":{\"content\":\"[wdshtitle c=\\\"#dd5e5f\\\" id=\\\"20020\\\"]EDIZIONE 2020[\\\/wdshtitle]<br \/>\"}},{\"type\":\"text\",\"props\":{\"margin\":\"medium\",\"column_breakpoint\":\"m\",\"content\":\"<b>INGRESSO GRATUITO - Programma per gli eventi che si svolgeranno a Udine dal 26 al 30 Agosto 2020<\\\/b>\",\"margin_remove_top\":true}},{\"type\":\"grid\",\"props\":{\"show_title\":true,\"show_meta\":false,\"show_content\":true,\"show_image\":false,\"show_link\":false,\"grid_default\":\"1\",\"grid_medium\":\"\",\"filter_style\":\"tab\",\"filter_all\":true,\"filter_position\":\"top\",\"filter_align\":\"left\",\"filter_grid_width\":\"auto\",\"filter_grid_breakpoint\":\"m\",\"title_hover_style\":\"reset\",\"title_element\":\"h3\",\"title_align\":\"top\",\"title_grid_width\":\"1-2\",\"title_grid_breakpoint\":\"m\",\"meta_style\":\"meta\",\"meta_align\":\"below-title\",\"meta_element\":\"div\",\"content_column_breakpoint\":\"m\",\"icon_width\":80,\"image_align\":\"top\",\"image_grid_width\":\"1-2\",\"image_grid_breakpoint\":\"m\",\"image_svg_color\":\"emphasis\",\"link_text\":\"Read more\",\"link_style\":\"default\",\"margin\":\"default\",\"item_animation\":true,\"filter\":true,\"filter_all_label\":\"Tutte le attivit\\u00e0\",\"grid_row_gap\":\"medium\",\"grid_divider\":true,\"filter_animation\":\"\",\"filter_margin\":\"medium\",\"content_margin\":\"small\",\"class\":\"webdev-single-edition-grid\"},\"children\":[{\"type\":\"grid_item\",\"source\":{\"query\":{\"name\":\"posts.customPosts\",\"arguments\":{\"terms\":[65],\"category_operator\":\"IN\",\"post_tag_operator\":\"IN\",\"users\":[],\"users_operator\":\"IN\",\"offset\":0,\"limit\":100,\"order\":\"date\",\"order_direction\":\"ASC\"}},\"props\":{\"title\":{\"filters\":{\"search\":\"\"},\"name\":\"title\"},\"content\":{\"filters\":{\"search\":\"\"},\"arguments\":{\"show_intro_text\":true},\"name\":\"content\"},\"image\":{\"filters\":{\"search\":\"\"},\"name\":\"featuredImage.url\"},\"tags\":{\"filters\":{\"search\":\"\"},\"name\":\"field.data_evento\"}}},\"props\":{\"meta\":\"\"}}]},{\"type\":\"text\",\"props\":{\"margin\":\"large\",\"column_breakpoint\":\"m\",\"content\":\"<b>ATTENZIONE:<\\\/b> In caso di pioggia durante i giorni dal 26 al 29 agosto si prevede di recuperare lo spettacolo il giorno successivo alle ore 19:00.<br \/>Gli orari e i nomi degli artisti potrebbero subire variazioni.\\n\n\n\\n<b>*Gli orari di Audiobus indicano l\\u2019arrivo del pubblico all\\u2019infopoint di via Ciconi 4 \\u2013 punto ritiro cuffie \\u2013 che verr\\u00e0 poi accompagnato alla fermata dell\\u2019autobus in Stazione dai volontari del Festival.\n\n** Tutti gli eventi sono ad ingresso gratuito. Se intendi prenotare pi\\u00f9 di un evento sar\\u00e0 necessario compilare il modulo pi\\u00f9 volte.<br \/>\\u00c8 una misura necessaria per garantire il rispetto delle norme COVID-19.Grazie per la collaborazione.<\\\/b>\",\"margin_remove_top\":false,\"margin_remove_bottom\":true}}]}]}],\"name\":\"EDIZIONE 2020\"}],\"version\":\"2.7.21\"} --><\/p>\n","protected":false},"excerpt":{"rendered":"<p>* EDIZIONE 2020 INGRESSO GRATUITO &#8211; Programma per gli eventi che si svolgeranno a Udine dal 26 al 30 Agosto 2020 ATTENZIONE: In caso di pioggia durante i giorni dal 26 al 29 agosto si prevede di recuperare lo spettacolo il giorno successivo alle ore 19:00.Gli orari e i nomi degli artisti potrebbero subire variazioni. [&hellip;]<\/p>\n","protected":false},"author":1,"featured_media":0,"parent":0,"menu_order":0,"comment_status":"closed","ping_status":"closed","template":"","meta":{"_acf_changed":false,"footnotes":""},"class_list":["post-2123","page","type-page","status-publish","hentry"],"acf":[],"_links":{"self":[{"href":"https:\/\/terminal-festival.com\/en\/wp-json\/wp\/v2\/pages\/2123","targetHints":{"allow":["GET"]}}],"collection":[{"href":"https:\/\/terminal-festival.com\/en\/wp-json\/wp\/v2\/pages"}],"about":[{"href":"https:\/\/terminal-festival.com\/en\/wp-json\/wp\/v2\/types\/page"}],"author":[{"embeddable":true,"href":"https:\/\/terminal-festival.com\/en\/wp-json\/wp\/v2\/users\/1"}],"replies":[{"embeddable":true,"href":"https:\/\/terminal-festival.com\/en\/wp-json\/wp\/v2\/comments?post=2123"}],"version-history":[{"count":17,"href":"https:\/\/terminal-festival.com\/en\/wp-json\/wp\/v2\/pages\/2123\/revisions"}],"predecessor-version":[{"id":2285,"href":"https:\/\/terminal-festival.com\/en\/wp-json\/wp\/v2\/pages\/2123\/revisions\/2285"}],"wp:attachment":[{"href":"https:\/\/terminal-festival.com\/en\/wp-json\/wp\/v2\/media?parent=2123"}],"curies":[{"name":"wp","href":"https:\/\/api.w.org\/{rel}","templated":true}]}}